{"id":26,"date":"2022-11-13T13:51:59","date_gmt":"2022-11-13T12:51:59","guid":{"rendered":"http:\/\/nakusy.cz\/?page_id=26"},"modified":"2024-05-24T16:30:14","modified_gmt":"2024-05-24T14:30:14","slug":"terminy-predstaveni","status":"publish","type":"page","link":"http:\/\/nakusy.cz\/?page_id=26","title":{"rendered":"Term\u00edny p\u0159edstaven\u00ed"},"content":{"rendered":"\n<p><\/p>\n\n\n\n<p>11. 3. 2024 19,00 Klubovna, Praha 6: Z ne\u017eivota zombie (premi\u00e9ra)<\/p>\n\n\n\n<p>28. 5. 2024 19,00 Klubovna, Praha 6: Z ne\u017eivota zombie<\/p>\n\n\n\n<p>23. 6. 2024 19,00 KaminaBoat: Z ne\u017eivota zombie<\/p>\n","protected":false},"excerpt":{"rendered":"<p>11. 3. 2024 19,00 Klubovna, Praha 6: Z ne\u017eivota zombie (premi\u00e9ra) 28. 5. 2024 19,00 Klubovna, Praha 6: Z ne\u017eivota zombie 23. 6. 2024 19,00 KaminaBoat: Z ne\u017eivota zombie<\/p>\n","protected":false},"author":1,"featured_media":281,"parent":0,"menu_order":0,"comment_status":"closed","ping_status":"closed","template":"","meta":{"footnotes":""},"class_list":["post-26","page","type-page","status-publish","has-post-thumbnail","hentry"],"_links":{"self":[{"href":"http:\/\/nakusy.cz\/index.php?rest_route=\/wp\/v2\/pages\/26","targetHints":{"allow":["GET"]}}],"collection":[{"href":"http:\/\/nakusy.cz\/index.php?rest_route=\/wp\/v2\/pages"}],"about":[{"href":"http:\/\/nakusy.cz\/index.php?rest_route=\/wp\/v2\/types\/page"}],"author":[{"embeddable":true,"href":"http:\/\/nakusy.cz\/index.php?rest_route=\/wp\/v2\/users\/1"}],"replies":[{"embeddable":true,"href":"http:\/\/nakusy.cz\/index.php?rest_route=%2Fwp%2Fv2%2Fcomments&post=26"}],"version-history":[{"count":11,"href":"http:\/\/nakusy.cz\/index.php?rest_route=\/wp\/v2\/pages\/26\/revisions"}],"predecessor-version":[{"id":545,"href":"http:\/\/nakusy.cz\/index.php?rest_route=\/wp\/v2\/pages\/26\/revisions\/545"}],"wp:featuredmedia":[{"embeddable":true,"href":"http:\/\/nakusy.cz\/index.php?rest_route=\/wp\/v2\/media\/281"}],"wp:attachment":[{"href":"http:\/\/nakusy.cz\/index.php?rest_route=%2Fwp%2Fv2%2Fmedia&parent=26"}],"curies":[{"name":"wp","href":"https:\/\/api.w.org\/{rel}","templated":true}]}}