{"id":28,"date":"2022-11-13T13:51:50","date_gmt":"2022-11-13T12:51:50","guid":{"rendered":"http:\/\/nakusy.cz\/?page_id=28"},"modified":"2022-11-15T18:57:29","modified_gmt":"2022-11-15T17:57:29","slug":"soubor","status":"publish","type":"page","link":"http:\/\/nakusy.cz\/?page_id=28","title":{"rendered":"Soubor"},"content":{"rendered":"\n<p><\/p>\n\n\n\n<p>Jana Ho\u0161kov\u00e1 <\/p>\n\n\n\n<figure class=\"wp-block-image size-large is-resized\"><img loading=\"lazy\" decoding=\"async\" src=\"http:\/\/nakusy.cz\/wp-content\/uploads\/2022\/11\/plakat_portrety_161-1024x971.jpg\" alt=\"\" class=\"wp-image-113\" width=\"243\" height=\"231\" srcset=\"http:\/\/nakusy.cz\/wp-content\/uploads\/2022\/11\/plakat_portrety_161-1024x971.jpg 1024w, http:\/\/nakusy.cz\/wp-content\/uploads\/2022\/11\/plakat_portrety_161-300x284.jpg 300w, http:\/\/nakusy.cz\/wp-content\/uploads\/2022\/11\/plakat_portrety_161-768x728.jpg 768w, http:\/\/nakusy.cz\/wp-content\/uploads\/2022\/11\/plakat_portrety_161.jpg 1384w\" sizes=\"auto, (max-width: 243px) 100vw, 243px\" \/><\/figure>\n\n\n\n<p>Michaela \u0160ediv\u00e1<\/p>\n\n\n\n<figure class=\"wp-block-image size-large is-resized\"><img loading=\"lazy\" decoding=\"async\" src=\"http:\/\/nakusy.cz\/wp-content\/uploads\/2022\/11\/MISA-1-1024x757.jpg\" alt=\"\" class=\"wp-image-395\" width=\"243\" height=\"179\" srcset=\"http:\/\/nakusy.cz\/wp-content\/uploads\/2022\/11\/MISA-1-1024x757.jpg 1024w, http:\/\/nakusy.cz\/wp-content\/uploads\/2022\/11\/MISA-1-300x222.jpg 300w, http:\/\/nakusy.cz\/wp-content\/uploads\/2022\/11\/MISA-1-768x568.jpg 768w, http:\/\/nakusy.cz\/wp-content\/uploads\/2022\/11\/MISA-1-1536x1136.jpg 1536w, http:\/\/nakusy.cz\/wp-content\/uploads\/2022\/11\/MISA-1-2048x1515.jpg 2048w\" sizes=\"auto, (max-width: 243px) 100vw, 243px\" \/><\/figure>\n\n\n\n<p>Iva Em<\/p>\n\n\n\n<figure class=\"wp-block-image size-full is-resized\"><img loading=\"lazy\" decoding=\"async\" src=\"http:\/\/nakusy.cz\/wp-content\/uploads\/2022\/11\/49172781_330720127531055_1346094303058853888_n.jpg\" alt=\"\" class=\"wp-image-396\" width=\"244\" height=\"186\" srcset=\"http:\/\/nakusy.cz\/wp-content\/uploads\/2022\/11\/49172781_330720127531055_1346094303058853888_n.jpg 885w, http:\/\/nakusy.cz\/wp-content\/uploads\/2022\/11\/49172781_330720127531055_1346094303058853888_n-300x230.jpg 300w, http:\/\/nakusy.cz\/wp-content\/uploads\/2022\/11\/49172781_330720127531055_1346094303058853888_n-768x588.jpg 768w\" sizes=\"auto, (max-width: 244px) 100vw, 244px\" \/><\/figure>\n\n\n\n<p>Gabriela Janovsk\u00e1<\/p>\n\n\n\n<figure class=\"wp-block-image size-large is-resized\"><img loading=\"lazy\" decoding=\"async\" src=\"http:\/\/nakusy.cz\/wp-content\/uploads\/2022\/11\/DSC00842-1024x732.jpg\" alt=\"\" class=\"wp-image-398\" width=\"244\" height=\"174\" srcset=\"http:\/\/nakusy.cz\/wp-content\/uploads\/2022\/11\/DSC00842-1024x732.jpg 1024w, http:\/\/nakusy.cz\/wp-content\/uploads\/2022\/11\/DSC00842-300x214.jpg 300w, http:\/\/nakusy.cz\/wp-content\/uploads\/2022\/11\/DSC00842-768x549.jpg 768w, http:\/\/nakusy.cz\/wp-content\/uploads\/2022\/11\/DSC00842-1536x1098.jpg 1536w, http:\/\/nakusy.cz\/wp-content\/uploads\/2022\/11\/DSC00842-2048x1464.jpg 2048w\" sizes=\"auto, (max-width: 244px) 100vw, 244px\" \/><\/figure>\n\n\n\n<p><\/p>\n\n\n\n<p>Juliana Sedl\u00e1kov\u00e1<\/p>\n\n\n\n<figure class=\"wp-block-image size-full is-resized\"><img loading=\"lazy\" decoding=\"async\" src=\"http:\/\/nakusy.cz\/wp-content\/uploads\/2022\/11\/274731072_5681573605191912_1383022083870148374_n.jpg\" alt=\"\" class=\"wp-image-399\" width=\"243\" height=\"171\" srcset=\"http:\/\/nakusy.cz\/wp-content\/uploads\/2022\/11\/274731072_5681573605191912_1383022083870148374_n.jpg 584w, http:\/\/nakusy.cz\/wp-content\/uploads\/2022\/11\/274731072_5681573605191912_1383022083870148374_n-300x211.jpg 300w\" sizes=\"auto, (max-width: 243px) 100vw, 243px\" \/><\/figure>\n\n\n\n<p><\/p>\n\n\n\n<p>Martina Vesel\u00e1<\/p>\n\n\n\n<figure class=\"wp-block-image size-large is-resized\"><img loading=\"lazy\" decoding=\"async\" src=\"http:\/\/nakusy.cz\/wp-content\/uploads\/2022\/11\/MV-1024x735.jpg\" alt=\"\" class=\"wp-image-401\" width=\"244\" height=\"174\" srcset=\"http:\/\/nakusy.cz\/wp-content\/uploads\/2022\/11\/MV-1024x735.jpg 1024w, http:\/\/nakusy.cz\/wp-content\/uploads\/2022\/11\/MV-300x215.jpg 300w, http:\/\/nakusy.cz\/wp-content\/uploads\/2022\/11\/MV-768x551.jpg 768w, http:\/\/nakusy.cz\/wp-content\/uploads\/2022\/11\/MV.jpg 1217w\" sizes=\"auto, (max-width: 244px) 100vw, 244px\" \/><\/figure>\n\n\n\n<p><\/p>\n\n\n\n<p>Alena Indr\u00e1kov\u00e1<\/p>\n\n\n\n<figure class=\"wp-block-image size-full is-resized\"><img loading=\"lazy\" decoding=\"async\" src=\"http:\/\/nakusy.cz\/wp-content\/uploads\/2022\/11\/14500625_10206359370453264_5208476700838400320_o.jpg\" alt=\"\" class=\"wp-image-403\" width=\"244\" height=\"181\" srcset=\"http:\/\/nakusy.cz\/wp-content\/uploads\/2022\/11\/14500625_10206359370453264_5208476700838400320_o.jpg 780w, http:\/\/nakusy.cz\/wp-content\/uploads\/2022\/11\/14500625_10206359370453264_5208476700838400320_o-300x223.jpg 300w, http:\/\/nakusy.cz\/wp-content\/uploads\/2022\/11\/14500625_10206359370453264_5208476700838400320_o-768x571.jpg 768w\" sizes=\"auto, (max-width: 244px) 100vw, 244px\" \/><\/figure>\n\n\n\n<p><\/p>\n\n\n\n<p>Monika Kapr\u00e1likov\u00e1<\/p>\n\n\n\n<figure class=\"wp-block-image size-full is-resized\"><img decoding=\"async\" src=\"http:\/\/nakusy.cz\/wp-content\/uploads\/2022\/11\/65496969_592983287892696_3732298860505071616_n-edited.jpg\" alt=\"\" class=\"wp-image-407\" width=\"243\" srcset=\"http:\/\/nakusy.cz\/wp-content\/uploads\/2022\/11\/65496969_592983287892696_3732298860505071616_n-edited.jpg 960w, http:\/\/nakusy.cz\/wp-content\/uploads\/2022\/11\/65496969_592983287892696_3732298860505071616_n-edited-300x225.jpg 300w, http:\/\/nakusy.cz\/wp-content\/uploads\/2022\/11\/65496969_592983287892696_3732298860505071616_n-edited-768x576.jpg 768w\" sizes=\"(max-width: 960px) 100vw, 960px\" \/><\/figure>\n\n\n\n<p><\/p>\n\n\n\n<p>Vojt\u011b\u0161ka Hr\u00e1zov\u00e1<\/p>\n\n\n\n<figure class=\"wp-block-image size-full is-resized\"><img loading=\"lazy\" decoding=\"async\" src=\"http:\/\/nakusy.cz\/wp-content\/uploads\/2022\/11\/274119712_1597932513896095_3332484196914459840_n.jpg\" alt=\"\" class=\"wp-image-408\" width=\"244\" height=\"167\" srcset=\"http:\/\/nakusy.cz\/wp-content\/uploads\/2022\/11\/274119712_1597932513896095_3332484196914459840_n.jpg 457w, http:\/\/nakusy.cz\/wp-content\/uploads\/2022\/11\/274119712_1597932513896095_3332484196914459840_n-300x205.jpg 300w\" sizes=\"auto, (max-width: 244px) 100vw, 244px\" \/><\/figure>\n\n\n\n<p><\/p>\n\n\n\n<p>Barbora \u010cervenkov\u00e1<\/p>\n\n\n\n<figure class=\"wp-block-image size-large is-resized\"><img loading=\"lazy\" decoding=\"async\" src=\"http:\/\/nakusy.cz\/wp-content\/uploads\/2022\/11\/DSCN0340-1024x768.jpg\" alt=\"\" class=\"wp-image-410\" width=\"242\" height=\"181\" srcset=\"http:\/\/nakusy.cz\/wp-content\/uploads\/2022\/11\/DSCN0340-1024x768.jpg 1024w, http:\/\/nakusy.cz\/wp-content\/uploads\/2022\/11\/DSCN0340-300x225.jpg 300w, http:\/\/nakusy.cz\/wp-content\/uploads\/2022\/11\/DSCN0340-768x576.jpg 768w, http:\/\/nakusy.cz\/wp-content\/uploads\/2022\/11\/DSCN0340-1536x1152.jpg 1536w, http:\/\/nakusy.cz\/wp-content\/uploads\/2022\/11\/DSCN0340-2048x1536.jpg 2048w\" sizes=\"auto, (max-width: 242px) 100vw, 242px\" \/><\/figure>\n\n\n\n<p><\/p>\n\n\n\n<p>Michal Andrle<\/p>\n\n\n\n<figure class=\"wp-block-image size-large is-resized\"><img loading=\"lazy\" decoding=\"async\" src=\"http:\/\/nakusy.cz\/wp-content\/uploads\/2022\/11\/PB120599-1024x770.jpg\" alt=\"\" class=\"wp-image-411\" width=\"242\" height=\"181\" srcset=\"http:\/\/nakusy.cz\/wp-content\/uploads\/2022\/11\/PB120599-1024x770.jpg 1024w, http:\/\/nakusy.cz\/wp-content\/uploads\/2022\/11\/PB120599-300x226.jpg 300w, http:\/\/nakusy.cz\/wp-content\/uploads\/2022\/11\/PB120599-768x577.jpg 768w, http:\/\/nakusy.cz\/wp-content\/uploads\/2022\/11\/PB120599-1536x1155.jpg 1536w, http:\/\/nakusy.cz\/wp-content\/uploads\/2022\/11\/PB120599-2048x1540.jpg 2048w\" sizes=\"auto, (max-width: 242px) 100vw, 242px\" \/><\/figure>\n\n\n\n<p><\/p>\n\n\n\n<p>Jan Navr\u00e1til<\/p>\n\n\n\n<figure class=\"wp-block-image size-large is-resized\"><img loading=\"lazy\" decoding=\"async\" src=\"http:\/\/nakusy.cz\/wp-content\/uploads\/2022\/11\/plakat_portrety_118-1-1024x790.jpg\" alt=\"\" class=\"wp-image-412\" width=\"240\" height=\"185\" srcset=\"http:\/\/nakusy.cz\/wp-content\/uploads\/2022\/11\/plakat_portrety_118-1-1024x790.jpg 1024w, http:\/\/nakusy.cz\/wp-content\/uploads\/2022\/11\/plakat_portrety_118-1-300x231.jpg 300w, http:\/\/nakusy.cz\/wp-content\/uploads\/2022\/11\/plakat_portrety_118-1-768x592.jpg 768w, http:\/\/nakusy.cz\/wp-content\/uploads\/2022\/11\/plakat_portrety_118-1.jpg 1276w\" sizes=\"auto, (max-width: 240px) 100vw, 240px\" \/><\/figure>\n\n\n\n<p><\/p>\n\n\n\n<p>V\u00e1clav Roman<\/p>\n\n\n\n<figure class=\"wp-block-image size-full is-resized\"><img loading=\"lazy\" decoding=\"async\" src=\"http:\/\/nakusy.cz\/wp-content\/uploads\/2022\/11\/DSC_1593-1.jpg\" alt=\"\" class=\"wp-image-413\" width=\"244\" height=\"175\" srcset=\"http:\/\/nakusy.cz\/wp-content\/uploads\/2022\/11\/DSC_1593-1.jpg 353w, http:\/\/nakusy.cz\/wp-content\/uploads\/2022\/11\/DSC_1593-1-300x215.jpg 300w\" sizes=\"auto, (max-width: 244px) 100vw, 244px\" \/><\/figure>\n\n\n\n<p><\/p>\n\n\n\n<p>Pavel Bur\u0161\u00edk<\/p>\n\n\n\n<figure class=\"wp-block-image size-large is-resized\"><img loading=\"lazy\" decoding=\"async\" src=\"http:\/\/nakusy.cz\/wp-content\/uploads\/2022\/11\/provence-1024x757.jpeg\" alt=\"\" class=\"wp-image-416\" width=\"242\" height=\"178\" srcset=\"http:\/\/nakusy.cz\/wp-content\/uploads\/2022\/11\/provence-1024x757.jpeg 1024w, http:\/\/nakusy.cz\/wp-content\/uploads\/2022\/11\/provence-300x222.jpeg 300w, http:\/\/nakusy.cz\/wp-content\/uploads\/2022\/11\/provence-768x568.jpeg 768w, http:\/\/nakusy.cz\/wp-content\/uploads\/2022\/11\/provence-1536x1136.jpeg 1536w, http:\/\/nakusy.cz\/wp-content\/uploads\/2022\/11\/provence-2048x1514.jpeg 2048w\" sizes=\"auto, (max-width: 242px) 100vw, 242px\" \/><\/figure>\n\n\n\n<p><\/p>\n\n\n\n<p>V\u00e1clav Balv\u00edn<\/p>\n\n\n\n<figure class=\"wp-block-image size-large is-resized\"><img loading=\"lazy\" decoding=\"async\" src=\"http:\/\/nakusy.cz\/wp-content\/uploads\/2022\/11\/PC130661-1024x708.jpg\" alt=\"\" class=\"wp-image-414\" width=\"241\" height=\"166\" srcset=\"http:\/\/nakusy.cz\/wp-content\/uploads\/2022\/11\/PC130661-1024x708.jpg 1024w, http:\/\/nakusy.cz\/wp-content\/uploads\/2022\/11\/PC130661-300x207.jpg 300w, http:\/\/nakusy.cz\/wp-content\/uploads\/2022\/11\/PC130661-768x531.jpg 768w, http:\/\/nakusy.cz\/wp-content\/uploads\/2022\/11\/PC130661-1536x1062.jpg 1536w, http:\/\/nakusy.cz\/wp-content\/uploads\/2022\/11\/PC130661-2048x1416.jpg 2048w\" sizes=\"auto, (max-width: 241px) 100vw, 241px\" \/><\/figure>\n\n\n\n<p><\/p>\n\n\n\n<p>Martin Janda<\/p>\n\n\n\n<figure class=\"wp-block-image size-full is-resized\"><img loading=\"lazy\" decoding=\"async\" src=\"http:\/\/nakusy.cz\/wp-content\/uploads\/2022\/11\/DSC5593.jpg\" alt=\"\" class=\"wp-image-419\" width=\"242\" height=\"179\" srcset=\"http:\/\/nakusy.cz\/wp-content\/uploads\/2022\/11\/DSC5593.jpg 305w, http:\/\/nakusy.cz\/wp-content\/uploads\/2022\/11\/DSC5593-300x222.jpg 300w\" sizes=\"auto, (max-width: 242px) 100vw, 242px\" \/><\/figure>\n\n\n\n<p><\/p>\n","protected":false},"excerpt":{"rendered":"<p>Jana Ho\u0161kov\u00e1 Michaela \u0160ediv\u00e1 Iva Em Gabriela Janovsk\u00e1 Juliana Sedl\u00e1kov\u00e1 Martina Vesel\u00e1 Alena Indr\u00e1kov\u00e1 Monika Kapr\u00e1likov\u00e1 Vojt\u011b\u0161ka Hr\u00e1zov\u00e1 Barbora \u010cervenkov\u00e1 Michal Andrle Jan Navr\u00e1til V\u00e1clav Roman Pavel Bur\u0161\u00edk V\u00e1clav Balv\u00edn Martin Janda<\/p>\n","protected":false},"author":1,"featured_media":281,"parent":0,"menu_order":0,"comment_status":"closed","ping_status":"closed","template":"","meta":{"footnotes":""},"class_list":["post-28","page","type-page","status-publish","has-post-thumbnail","hentry"],"_links":{"self":[{"href":"http:\/\/nakusy.cz\/index.php?rest_route=\/wp\/v2\/pages\/28","targetHints":{"allow":["GET"]}}],"collection":[{"href":"http:\/\/nakusy.cz\/index.php?rest_route=\/wp\/v2\/pages"}],"about":[{"href":"http:\/\/nakusy.cz\/index.php?rest_route=\/wp\/v2\/types\/page"}],"author":[{"embeddable":true,"href":"http:\/\/nakusy.cz\/index.php?rest_route=\/wp\/v2\/users\/1"}],"replies":[{"embeddable":true,"href":"http:\/\/nakusy.cz\/index.php?rest_route=%2Fwp%2Fv2%2Fcomments&post=28"}],"version-history":[{"count":16,"href":"http:\/\/nakusy.cz\/index.php?rest_route=\/wp\/v2\/pages\/28\/revisions"}],"predecessor-version":[{"id":421,"href":"http:\/\/nakusy.cz\/index.php?rest_route=\/wp\/v2\/pages\/28\/revisions\/421"}],"wp:featuredmedia":[{"embeddable":true,"href":"http:\/\/nakusy.cz\/index.php?rest_route=\/wp\/v2\/media\/281"}],"wp:attachment":[{"href":"http:\/\/nakusy.cz\/index.php?rest_route=%2Fwp%2Fv2%2Fmedia&parent=28"}],"curies":[{"name":"wp","href":"https:\/\/api.w.org\/{rel}","templated":true}]}}