{"id":32,"date":"2022-11-13T13:48:40","date_gmt":"2022-11-13T12:48:40","guid":{"rendered":"http:\/\/nakusy.cz\/?page_id=32"},"modified":"2024-05-24T16:31:21","modified_gmt":"2024-05-24T14:31:21","slug":"media","status":"publish","type":"page","link":"http:\/\/nakusy.cz\/?page_id=32","title":{"rendered":"M\u00e9dia"},"content":{"rendered":"\n<figure class=\"wp-block-embed is-type-video is-provider-youtube wp-block-embed-youtube wp-embed-aspect-16-9 wp-has-aspect-ratio\"><div class=\"wp-block-embed__wrapper\">\n<iframe loading=\"lazy\" title=\"Pozv\u00e1nka na premi\u00e9ru hry Z ne\u017eivota zombie Divadla Na kusy\" width=\"500\" height=\"281\" src=\"https:\/\/www.youtube.com\/embed\/l13-36lvQg8?feature=oembed\" frameborder=\"0\" allow=\"accelerometer; autoplay; clipboard-write; encrypted-media; gyroscope; picture-in-picture; web-share\" referrerpolicy=\"strict-origin-when-cross-origin\" allowfullscreen><\/iframe>\n<\/div><\/figure>\n\n\n\n<p><a href=\"http:\/\/nakusy.cz\/?p=496\">Z ne\u017eivota zombie (zkou\u0161ky)<\/a><\/p>\n\n\n\n<figure class=\"wp-block-image size-large is-resized\"><img loading=\"lazy\" decoding=\"async\" width=\"1024\" height=\"683\" src=\"http:\/\/nakusy.cz\/wp-content\/uploads\/2023\/07\/Zkouska-315-230404-1024x683.jpg\" alt=\"\" class=\"wp-image-514\" style=\"width:184px;height:122px\" srcset=\"http:\/\/nakusy.cz\/wp-content\/uploads\/2023\/07\/Zkouska-315-230404-1024x683.jpg 1024w, http:\/\/nakusy.cz\/wp-content\/uploads\/2023\/07\/Zkouska-315-230404-300x200.jpg 300w, http:\/\/nakusy.cz\/wp-content\/uploads\/2023\/07\/Zkouska-315-230404-768x512.jpg 768w, http:\/\/nakusy.cz\/wp-content\/uploads\/2023\/07\/Zkouska-315-230404-1536x1024.jpg 1536w, http:\/\/nakusy.cz\/wp-content\/uploads\/2023\/07\/Zkouska-315-230404-2048x1365.jpg 2048w, http:\/\/nakusy.cz\/wp-content\/uploads\/2023\/07\/Zkouska-315-230404-600x400.jpg 600w\" sizes=\"auto, (max-width: 1024px) 100vw, 1024px\" \/><\/figure>\n\n\n\n<p><\/p>\n\n\n<p><a href=\"http:\/\/nakusy.cz\/?p=195\">M\u011bs\u00edc v \u00fapl\u0148ku (2021)<\/a><\/p>\n\n\n<figure class=\"wp-block-image size-large is-resized\"><img loading=\"lazy\" decoding=\"async\" width=\"1024\" height=\"683\" src=\"http:\/\/nakusy.cz\/wp-content\/uploads\/2022\/11\/DSC_1130-1024x683.jpg\" alt=\"\" class=\"wp-image-211\" style=\"width:185px;height:123px\" srcset=\"http:\/\/nakusy.cz\/wp-content\/uploads\/2022\/11\/DSC_1130-1024x683.jpg 1024w, http:\/\/nakusy.cz\/wp-content\/uploads\/2022\/11\/DSC_1130-300x200.jpg 300w, http:\/\/nakusy.cz\/wp-content\/uploads\/2022\/11\/DSC_1130-768x512.jpg 768w, http:\/\/nakusy.cz\/wp-content\/uploads\/2022\/11\/DSC_1130-1536x1024.jpg 1536w, http:\/\/nakusy.cz\/wp-content\/uploads\/2022\/11\/DSC_1130-2048x1365.jpg 2048w\" sizes=\"auto, (max-width: 1024px) 100vw, 1024px\" \/><\/figure>\n\n\n<p><a href=\"http:\/\/nakusy.cz\/?p=269\">Report\u00e1\u017e z hlohoveck\u00e9 p\u0159ehl\u00eddky Festival na patn\u00e1tce<\/a><\/p>\n\n\n<figure class=\"wp-block-image size-large is-resized\"><img loading=\"lazy\" decoding=\"async\" width=\"1024\" height=\"649\" src=\"http:\/\/nakusy.cz\/wp-content\/uploads\/2022\/11\/Bez-nazvu-1024x649.jpg\" alt=\"\" class=\"wp-image-275\" style=\"width:181px;height:114px\" srcset=\"http:\/\/nakusy.cz\/wp-content\/uploads\/2022\/11\/Bez-nazvu-1024x649.jpg 1024w, http:\/\/nakusy.cz\/wp-content\/uploads\/2022\/11\/Bez-nazvu-300x190.jpg 300w, http:\/\/nakusy.cz\/wp-content\/uploads\/2022\/11\/Bez-nazvu-768x487.jpg 768w, http:\/\/nakusy.cz\/wp-content\/uploads\/2022\/11\/Bez-nazvu.jpg 1066w\" sizes=\"auto, (max-width: 1024px) 100vw, 1024px\" \/><\/figure>\n\n\n<p><a href=\"http:\/\/nakusy.cz\/?p=311\">M\u011bs\u00edc v \u00fapl\u0148ku (2012)<\/a><\/p>\n\n\n<figure class=\"wp-block-image size-full is-resized\"><img loading=\"lazy\" decoding=\"async\" width=\"1000\" height=\"649\" src=\"http:\/\/nakusy.cz\/wp-content\/uploads\/2022\/11\/DSC_1492-1.jpg\" alt=\"\" class=\"wp-image-341\" style=\"width:187px;height:120px\" srcset=\"http:\/\/nakusy.cz\/wp-content\/uploads\/2022\/11\/DSC_1492-1.jpg 1000w, http:\/\/nakusy.cz\/wp-content\/uploads\/2022\/11\/DSC_1492-1-300x195.jpg 300w, http:\/\/nakusy.cz\/wp-content\/uploads\/2022\/11\/DSC_1492-1-768x498.jpg 768w\" sizes=\"auto, (max-width: 1000px) 100vw, 1000px\" \/><\/figure>\n\n\n<p><a href=\"http:\/\/nakusy.cz\/?p=236\">M\u011bs\u00edc v \u00fapl\u0148ku (Focen\u00ed na plak\u00e1t)<\/a><\/p>\n\n\n<figure class=\"wp-block-image size-large is-resized\"><img loading=\"lazy\" decoding=\"async\" width=\"1024\" height=\"640\" src=\"http:\/\/nakusy.cz\/wp-content\/uploads\/2022\/11\/plakat_portrety_224-edited-1024x640.jpg\" alt=\"\" class=\"wp-image-260\" style=\"width:189px;height:118px\" srcset=\"http:\/\/nakusy.cz\/wp-content\/uploads\/2022\/11\/plakat_portrety_224-edited-1024x640.jpg 1024w, http:\/\/nakusy.cz\/wp-content\/uploads\/2022\/11\/plakat_portrety_224-edited-300x188.jpg 300w, http:\/\/nakusy.cz\/wp-content\/uploads\/2022\/11\/plakat_portrety_224-edited-768x480.jpg 768w, http:\/\/nakusy.cz\/wp-content\/uploads\/2022\/11\/plakat_portrety_224-edited-1536x960.jpg 1536w, http:\/\/nakusy.cz\/wp-content\/uploads\/2022\/11\/plakat_portrety_224-edited-2048x1280.jpg 2048w\" sizes=\"auto, (max-width: 1024px) 100vw, 1024px\" \/><\/figure>\n\n\n<p><a href=\"http:\/\/nakusy.cz\/?p=346\">Spiknut\u00ed<\/a><\/p>\n\n\n<figure class=\"wp-block-image size-large is-resized\"><img loading=\"lazy\" decoding=\"async\" width=\"1024\" height=\"622\" src=\"http:\/\/nakusy.cz\/wp-content\/uploads\/2022\/11\/20-2-1024x622.jpg\" alt=\"\" class=\"wp-image-353\" style=\"width:194px;height:117px\" srcset=\"http:\/\/nakusy.cz\/wp-content\/uploads\/2022\/11\/20-2-1024x622.jpg 1024w, http:\/\/nakusy.cz\/wp-content\/uploads\/2022\/11\/20-2-300x182.jpg 300w, http:\/\/nakusy.cz\/wp-content\/uploads\/2022\/11\/20-2-768x466.jpg 768w, http:\/\/nakusy.cz\/wp-content\/uploads\/2022\/11\/20-2-1536x932.jpg 1536w, http:\/\/nakusy.cz\/wp-content\/uploads\/2022\/11\/20-2.jpg 2000w\" sizes=\"auto, (max-width: 1024px) 100vw, 1024px\" \/><\/figure>\n\n\n<p><a href=\"http:\/\/nakusy.cz\/?p=282\">Detektivka<\/a><\/p>\n\n\n<figure class=\"wp-block-image size-large is-resized\"><img loading=\"lazy\" decoding=\"async\" width=\"1024\" height=\"680\" src=\"http:\/\/nakusy.cz\/wp-content\/uploads\/2022\/11\/DSC_1632-1024x680.jpg\" alt=\"\" class=\"wp-image-296\" style=\"width:193px;height:127px\" srcset=\"http:\/\/nakusy.cz\/wp-content\/uploads\/2022\/11\/DSC_1632-1024x680.jpg 1024w, http:\/\/nakusy.cz\/wp-content\/uploads\/2022\/11\/DSC_1632-300x199.jpg 300w, http:\/\/nakusy.cz\/wp-content\/uploads\/2022\/11\/DSC_1632-768x510.jpg 768w, http:\/\/nakusy.cz\/wp-content\/uploads\/2022\/11\/DSC_1632.jpg 1200w\" sizes=\"auto, (max-width: 1024px) 100vw, 1024px\" \/><\/figure>\n","protected":false},"excerpt":{"rendered":"<p>Z ne\u017eivota zombie (zkou\u0161ky) M\u011bs\u00edc v \u00fapl\u0148ku (2021) Report\u00e1\u017e z hlohoveck\u00e9 p\u0159ehl\u00eddky Festival na patn\u00e1tce M\u011bs\u00edc v \u00fapl\u0148ku (2012) M\u011bs\u00edc v \u00fapl\u0148ku (Focen\u00ed na plak\u00e1t) Spiknut\u00ed Detektivka<\/p>\n","protected":false},"author":1,"featured_media":281,"parent":0,"menu_order":0,"comment_status":"closed","ping_status":"closed","template":"","meta":{"footnotes":""},"class_list":["post-32","page","type-page","status-publish","has-post-thumbnail","hentry"],"_links":{"self":[{"href":"http:\/\/nakusy.cz\/index.php?rest_route=\/wp\/v2\/pages\/32","targetHints":{"allow":["GET"]}}],"collection":[{"href":"http:\/\/nakusy.cz\/index.php?rest_route=\/wp\/v2\/pages"}],"about":[{"href":"http:\/\/nakusy.cz\/index.php?rest_route=\/wp\/v2\/types\/page"}],"author":[{"embeddable":true,"href":"http:\/\/nakusy.cz\/index.php?rest_route=\/wp\/v2\/users\/1"}],"replies":[{"embeddable":true,"href":"http:\/\/nakusy.cz\/index.php?rest_route=%2Fwp%2Fv2%2Fcomments&post=32"}],"version-history":[{"count":39,"href":"http:\/\/nakusy.cz\/index.php?rest_route=\/wp\/v2\/pages\/32\/revisions"}],"predecessor-version":[{"id":546,"href":"http:\/\/nakusy.cz\/index.php?rest_route=\/wp\/v2\/pages\/32\/revisions\/546"}],"wp:featuredmedia":[{"embeddable":true,"href":"http:\/\/nakusy.cz\/index.php?rest_route=\/wp\/v2\/media\/281"}],"wp:attachment":[{"href":"http:\/\/nakusy.cz\/index.php?rest_route=%2Fwp%2Fv2%2Fmedia&parent=32"}],"curies":[{"name":"wp","href":"https:\/\/api.w.org\/{rel}","templated":true}]}}